{"id":52,"date":"2023-08-11T00:09:40","date_gmt":"2023-08-11T06:09:40","guid":{"rendered":"https:\/\/redonline.tech\/?post_type=product&#038;p=52"},"modified":"2023-09-10T17:44:12","modified_gmt":"2023-09-10T23:44:12","slug":"activacion-de-windows","status":"publish","type":"product","link":"https:\/\/redonline.click\/?product=activacion-de-windows","title":{"rendered":"Activaci\u00f3n de Windows"},"content":{"rendered":"<p>En RedTechnology, nos enorgullece ofrecer un servicio integral de activaci\u00f3n de Windows para asegurarte una experiencia inform\u00e1tica sin preocupaciones. Contamos con la instalaci\u00f3n remota para tu comodidad.<\/p>\n","protected":false},"excerpt":{"rendered":"<p>En RedTechnology, nos enorgullece ofrecer un servicio integral de activaci\u00f3n de Windows para asegurarte una experiencia inform\u00e1tica sin preocupaciones. Contamos con la instalaci\u00f3n remota para tu comodidad.<\/p>\n","protected":false},"featured_media":78,"comment_status":"open","ping_status":"closed","template":"","meta":[],"product_cat":[26],"product_tag":[],"class_list":{"0":"post-52","1":"product","2":"type-product","3":"status-publish","4":"has-post-thumbnail","6":"product_cat-activaciones","8":"first","9":"instock","10":"taxable","11":"shipping-taxable","12":"purchasable","13":"product-type-simple"},"_links":{"self":[{"href":"https:\/\/redonline.click\/index.php?rest_route=\/wp\/v2\/product\/52","targetHints":{"allow":["GET"]}}],"collection":[{"href":"https:\/\/redonline.click\/index.php?rest_route=\/wp\/v2\/product"}],"about":[{"href":"https:\/\/redonline.click\/index.php?rest_route=\/wp\/v2\/types\/product"}],"replies":[{"embeddable":true,"href":"https:\/\/redonline.click\/index.php?rest_route=%2Fwp%2Fv2%2Fcomments&post=52"}],"wp:featuredmedia":[{"embeddable":true,"href":"https:\/\/redonline.click\/index.php?rest_route=\/wp\/v2\/media\/78"}],"wp:attachment":[{"href":"https:\/\/redonline.click\/index.php?rest_route=%2Fwp%2Fv2%2Fmedia&parent=52"}],"wp:term":[{"taxonomy":"product_cat","embeddable":true,"href":"https:\/\/redonline.click\/index.php?rest_route=%2Fwp%2Fv2%2Fproduct_cat&post=52"},{"taxonomy":"product_tag","embeddable":true,"href":"https:\/\/redonline.click\/index.php?rest_route=%2Fwp%2Fv2%2Fproduct_tag&post=52"}],"curies":[{"name":"wp","href":"https:\/\/api.w.org\/{rel}","templated":true}]}}