{"id":51,"date":"2023-08-11T00:07:41","date_gmt":"2023-08-11T06:07:41","guid":{"rendered":"https:\/\/redonline.tech\/?post_type=product&#038;p=51"},"modified":"2023-09-10T17:44:57","modified_gmt":"2023-09-10T23:44:57","slug":"activacion-del-sistema-office","status":"publish","type":"product","link":"https:\/\/redonline.click\/?product=activacion-del-sistema-office","title":{"rendered":"Activaci\u00f3n del sistema Office"},"content":{"rendered":"<p>En RedTechnology, ofrecemos un servicio completo de activaci\u00f3n del sistema de Office que garantiza que tu suite de productividad funcione sin problemas y est\u00e9 siempre lista para ayudarte a alcanzar tus objetivos. Y para tu mayor comodidad ofrecemos la posibilidad de activacion remotamente para que no salgas de tu casa.<\/p>\n","protected":false},"excerpt":{"rendered":"<p>En RedTechnology, ofrecemos un servicio completo de activaci\u00f3n del sistema de Office que garantiza que tu suite de productividad funcione sin problemas y est\u00e9 siempre lista para ayudarte a alcanzar tus objetivos. Y para tu mayor comodidad ofrecemos la posibilidad de activacion remotamente para que no salgas de tu casa.<\/p>\n","protected":false},"featured_media":55,"comment_status":"open","ping_status":"closed","template":"","meta":[],"product_cat":[26],"product_tag":[],"class_list":{"0":"post-51","1":"product","2":"type-product","3":"status-publish","4":"has-post-thumbnail","6":"product_cat-activaciones","8":"first","9":"instock","10":"taxable","11":"shipping-taxable","12":"purchasable","13":"product-type-simple"},"_links":{"self":[{"href":"https:\/\/redonline.click\/index.php?rest_route=\/wp\/v2\/product\/51","targetHints":{"allow":["GET"]}}],"collection":[{"href":"https:\/\/redonline.click\/index.php?rest_route=\/wp\/v2\/product"}],"about":[{"href":"https:\/\/redonline.click\/index.php?rest_route=\/wp\/v2\/types\/product"}],"replies":[{"embeddable":true,"href":"https:\/\/redonline.click\/index.php?rest_route=%2Fwp%2Fv2%2Fcomments&post=51"}],"wp:featuredmedia":[{"embeddable":true,"href":"https:\/\/redonline.click\/index.php?rest_route=\/wp\/v2\/media\/55"}],"wp:attachment":[{"href":"https:\/\/redonline.click\/index.php?rest_route=%2Fwp%2Fv2%2Fmedia&parent=51"}],"wp:term":[{"taxonomy":"product_cat","embeddable":true,"href":"https:\/\/redonline.click\/index.php?rest_route=%2Fwp%2Fv2%2Fproduct_cat&post=51"},{"taxonomy":"product_tag","embeddable":true,"href":"https:\/\/redonline.click\/index.php?rest_route=%2Fwp%2Fv2%2Fproduct_tag&post=51"}],"curies":[{"name":"wp","href":"https:\/\/api.w.org\/{rel}","templated":true}]}}