{"id":49,"date":"2023-08-11T00:01:29","date_gmt":"2023-08-11T06:01:29","guid":{"rendered":"https:\/\/redonline.tech\/?post_type=product&#038;p=49"},"modified":"2023-09-10T17:50:27","modified_gmt":"2023-09-10T23:50:27","slug":"recuperacion-de-archivos-de-disco","status":"publish","type":"product","link":"https:\/\/redonline.click\/?product=recuperacion-de-archivos-de-disco","title":{"rendered":"Recuperaci\u00f3n de archivos de Disco"},"content":{"rendered":"<p>En RedTechnology entendemos que la p\u00e9rdida de datos puede ser una experiencia desafiante. Nuestros servicios de recuperaci\u00f3n de archivos de disco est\u00e1n dise\u00f1ados para ayudarte a superar este obst\u00e1culo y recuperar lo que es invaluable para ti.<\/p>\n","protected":false},"excerpt":{"rendered":"<p>En RedTechnology entendemos que la p\u00e9rdida de datos puede ser una experiencia desafiante. Nuestros servicios de recuperaci\u00f3n de archivos de disco est\u00e1n dise\u00f1ados para ayudarte a superar este obst\u00e1culo y recuperar lo que es invaluable para ti.<\/p>\n","protected":false},"featured_media":71,"comment_status":"open","ping_status":"closed","template":"","meta":[],"product_cat":[20],"product_tag":[],"class_list":{"0":"post-49","1":"product","2":"type-product","3":"status-publish","4":"has-post-thumbnail","6":"product_cat-servicios","8":"first","9":"instock","10":"taxable","11":"shipping-taxable","12":"purchasable","13":"product-type-simple"},"_links":{"self":[{"href":"https:\/\/redonline.click\/index.php?rest_route=\/wp\/v2\/product\/49","targetHints":{"allow":["GET"]}}],"collection":[{"href":"https:\/\/redonline.click\/index.php?rest_route=\/wp\/v2\/product"}],"about":[{"href":"https:\/\/redonline.click\/index.php?rest_route=\/wp\/v2\/types\/product"}],"replies":[{"embeddable":true,"href":"https:\/\/redonline.click\/index.php?rest_route=%2Fwp%2Fv2%2Fcomments&post=49"}],"wp:featuredmedia":[{"embeddable":true,"href":"https:\/\/redonline.click\/index.php?rest_route=\/wp\/v2\/media\/71"}],"wp:attachment":[{"href":"https:\/\/redonline.click\/index.php?rest_route=%2Fwp%2Fv2%2Fmedia&parent=49"}],"wp:term":[{"taxonomy":"product_cat","embeddable":true,"href":"https:\/\/redonline.click\/index.php?rest_route=%2Fwp%2Fv2%2Fproduct_cat&post=49"},{"taxonomy":"product_tag","embeddable":true,"href":"https:\/\/redonline.click\/index.php?rest_route=%2Fwp%2Fv2%2Fproduct_tag&post=49"}],"curies":[{"name":"wp","href":"https:\/\/api.w.org\/{rel}","templated":true}]}}