{"id":48,"date":"2023-08-10T23:57:43","date_gmt":"2023-08-11T05:57:43","guid":{"rendered":"https:\/\/redonline.tech\/?post_type=product&#038;p=48"},"modified":"2023-09-10T17:47:10","modified_gmt":"2023-09-10T23:47:10","slug":"creacion-de-paginas-web","status":"publish","type":"product","link":"https:\/\/redonline.click\/?product=creacion-de-paginas-web","title":{"rendered":"Creacion de paginas Web"},"content":{"rendered":"<p>Explora el mundo digital con las soluciones de dise\u00f1o y desarrollo de p\u00e1ginas web de RedTechnology. Nuestro compromiso es crear presencias en l\u00ednea impactantes y efectivas que destaquen entre la multitud. Al optar por nuestros servicios, disfrutar\u00e1s de:<\/p>\n<ol>\n<li><strong>Dise\u00f1o Personalizado y Adaptativo:<\/strong> Cada sitio web es una expresi\u00f3n \u00fanica de tu marca. Nuestro equipo de dise\u00f1adores crea interfaces a medida que se adaptan a diferentes dispositivos y tama\u00f1os de pantalla, brindando una experiencia impecable para cada visitante.<\/li>\n<li><strong>Tecnolog\u00eda de \u00daltima Generaci\u00f3n:<\/strong> Utilizamos las \u00faltimas herramientas y tecnolog\u00edas en el desarrollo web para garantizar que tu sitio est\u00e9 a la vanguardia. Desde animaciones fluidas hasta navegaci\u00f3n intuitiva, nos aseguramos de que tu presencia en l\u00ednea sea moderna y funcional.<\/li>\n<li><strong>Experiencia del Usuario Centrada:<\/strong> Cada clic importa. Creamos flujos de navegaci\u00f3n intuitivos y contenido atractivo para mantener a tus visitantes comprometidos y convertirlos en clientes leales.<\/li>\n<li><strong>Integraci\u00f3n de Redes Sociales:<\/strong> Amplifica tu presencia en l\u00ednea al conectar tu sitio web con tus perfiles de redes sociales. Facilitamos la interacci\u00f3n y el intercambio de contenido, extendiendo tu alcance a una audiencia m\u00e1s amplia.<\/li>\n<\/ol>\n<p>Conf\u00eda en RedTech para llevar tu presencia en l\u00ednea al siguiente nivel. Estamos comprometidos a ofrecer soluciones web que impacten, cautiven y generen resultados s\u00f3lidos en el mundo digital en constante evoluci\u00f3n.<\/p>\n","protected":false},"excerpt":{"rendered":"<p>Explora el mundo digital con las soluciones de dise\u00f1o y desarrollo de p\u00e1ginas web de RedTechnology. Nuestro compromiso es crear presencias en l\u00ednea impactantes y efectivas que destaquen entre la multitud. Al optar por nuestros servicios, disfrutar\u00e1s de: Dise\u00f1o Personalizado y Adaptativo: Cada sitio web es una expresi\u00f3n \u00fanica de tu marca. Nuestro equipo de [&hellip;]<\/p>\n","protected":false},"featured_media":68,"comment_status":"open","ping_status":"closed","template":"","meta":[],"product_cat":[27],"product_tag":[],"class_list":{"0":"post-48","1":"product","2":"type-product","3":"status-publish","4":"has-post-thumbnail","6":"product_cat-diseno","8":"first","9":"instock","10":"virtual","11":"taxable","12":"purchasable","13":"product-type-simple"},"_links":{"self":[{"href":"https:\/\/redonline.click\/index.php?rest_route=\/wp\/v2\/product\/48","targetHints":{"allow":["GET"]}}],"collection":[{"href":"https:\/\/redonline.click\/index.php?rest_route=\/wp\/v2\/product"}],"about":[{"href":"https:\/\/redonline.click\/index.php?rest_route=\/wp\/v2\/types\/product"}],"replies":[{"embeddable":true,"href":"https:\/\/redonline.click\/index.php?rest_route=%2Fwp%2Fv2%2Fcomments&post=48"}],"wp:featuredmedia":[{"embeddable":true,"href":"https:\/\/redonline.click\/index.php?rest_route=\/wp\/v2\/media\/68"}],"wp:attachment":[{"href":"https:\/\/redonline.click\/index.php?rest_route=%2Fwp%2Fv2%2Fmedia&parent=48"}],"wp:term":[{"taxonomy":"product_cat","embeddable":true,"href":"https:\/\/redonline.click\/index.php?rest_route=%2Fwp%2Fv2%2Fproduct_cat&post=48"},{"taxonomy":"product_tag","embeddable":true,"href":"https:\/\/redonline.click\/index.php?rest_route=%2Fwp%2Fv2%2Fproduct_tag&post=48"}],"curies":[{"name":"wp","href":"https:\/\/api.w.org\/{rel}","templated":true}]}}