{"id":47,"date":"2023-08-10T23:52:56","date_gmt":"2023-08-11T05:52:56","guid":{"rendered":"https:\/\/redonline.tech\/?post_type=product&#038;p=47"},"modified":"2023-09-10T17:45:34","modified_gmt":"2023-09-10T23:45:34","slug":"camaras-de-seguridad","status":"publish","type":"product","link":"https:\/\/redonline.click\/?product=camaras-de-seguridad","title":{"rendered":"C\u00e1maras de seguridad"},"content":{"rendered":"<p>Descubre la excelencia en seguridad con nuestros sistemas avanzados de c\u00e1maras de vigilancia. En RedTechnology, nos enorgullecemos de ofrecerte soluciones de vanguardia que garantizan la protecci\u00f3n que mereces. Al elegir nuestros servicios, te beneficiar\u00e1s de:<\/p>\n<ol>\n<li><strong>Amplia Gama de Opciones Tecnol\u00f3gicas:<\/strong> Desde equipos anal\u00f3gicos hasta c\u00e1maras IP de \u00faltima generaci\u00f3n, brindamos una gama diversa para que elijas lo que mejor se adapte a tu entorno y necesidades.<\/li>\n<li><strong>Tecnolog\u00eda ColorVu Revolucionaria:<\/strong> Experimenta la innovaci\u00f3n de visi\u00f3n a color las 24 horas. Nuestras c\u00e1maras ColorVu capturan detalles con colores vibrantes, incluso en condiciones de poca luz, proporcionando una claridad sin precedentes.<\/li>\n<li><strong>Instalaci\u00f3nes Personalizadas:<\/strong> Reconocemos que cada espacio es \u00fanico. Por eso, ofrecemos una variedad de opciones de grabadores que se ajustan a la perfecci\u00f3n a tu ubicaci\u00f3n y requisitos espec\u00edficos, garantizando un monitoreo eficiente.<\/li>\n<li><strong>Notificaciones Instant\u00e1neas:<\/strong> Nuestros sistemas no solo registran, sino que tambi\u00e9n interact\u00faan contigo. Con la tecnolog\u00eda de detecci\u00f3n de intrusos, recibir\u00e1s alertas instant\u00e1neas en tu dispositivo m\u00f3vil en caso de cualquier actividad sospechosa, brind\u00e1ndote el control y la tranquilidad que necesitas, dondequiera que est\u00e9s.<\/li>\n<\/ol>\n<p>En RedTech, no comprometemos la seguridad. Nuestros sistemas de c\u00e1maras de seguridad son dise\u00f1ados y adaptados meticulosamente para proteger lo que m\u00e1s valoras. Conf\u00eda en nosotros para elevar tu seguridad al siguiente nivel.<\/p>\n","protected":false},"excerpt":{"rendered":"<p>Descubre la excelencia en seguridad con nuestros sistemas avanzados de c\u00e1maras de vigilancia. En RedTechnology, nos enorgullecemos de ofrecerte soluciones de vanguardia que garantizan la protecci\u00f3n que mereces. Al elegir nuestros servicios, te beneficiar\u00e1s de: Amplia Gama de Opciones Tecnol\u00f3gicas: Desde equipos anal\u00f3gicos hasta c\u00e1maras IP de \u00faltima generaci\u00f3n, brindamos una gama diversa para que [&hellip;]<\/p>\n","protected":false},"featured_media":57,"comment_status":"open","ping_status":"closed","template":"","meta":[],"product_cat":[20],"product_tag":[],"class_list":{"0":"post-47","1":"product","2":"type-product","3":"status-publish","4":"has-post-thumbnail","6":"product_cat-servicios","8":"first","9":"instock","10":"taxable","11":"shipping-taxable","12":"purchasable","13":"product-type-simple"},"_links":{"self":[{"href":"https:\/\/redonline.click\/index.php?rest_route=\/wp\/v2\/product\/47","targetHints":{"allow":["GET"]}}],"collection":[{"href":"https:\/\/redonline.click\/index.php?rest_route=\/wp\/v2\/product"}],"about":[{"href":"https:\/\/redonline.click\/index.php?rest_route=\/wp\/v2\/types\/product"}],"replies":[{"embeddable":true,"href":"https:\/\/redonline.click\/index.php?rest_route=%2Fwp%2Fv2%2Fcomments&post=47"}],"wp:featuredmedia":[{"embeddable":true,"href":"https:\/\/redonline.click\/index.php?rest_route=\/wp\/v2\/media\/57"}],"wp:attachment":[{"href":"https:\/\/redonline.click\/index.php?rest_route=%2Fwp%2Fv2%2Fmedia&parent=47"}],"wp:term":[{"taxonomy":"product_cat","embeddable":true,"href":"https:\/\/redonline.click\/index.php?rest_route=%2Fwp%2Fv2%2Fproduct_cat&post=47"},{"taxonomy":"product_tag","embeddable":true,"href":"https:\/\/redonline.click\/index.php?rest_route=%2Fwp%2Fv2%2Fproduct_tag&post=47"}],"curies":[{"name":"wp","href":"https:\/\/api.w.org\/{rel}","templated":true}]}}