{"id":46,"date":"2023-08-10T23:43:41","date_gmt":"2023-08-11T05:43:41","guid":{"rendered":"https:\/\/redonline.tech\/?post_type=product&#038;p=46"},"modified":"2023-09-10T17:23:10","modified_gmt":"2023-09-10T23:23:10","slug":"alarmas-inalambricas","status":"publish","type":"product","link":"https:\/\/redonline.click\/?product=alarmas-inalambricas","title":{"rendered":"Alarmas inal\u00e1mbricas"},"content":{"rendered":"<p><strong>AX pro Hikvision<\/strong><\/p>\n<p><strong>Caracter\u00edsticas principales:<\/strong><\/p>\n<ul>\n<li>Soporta hasta 48 zonas o salidas de alarma (permite combinar entre salidas y zonas).<\/li>\n<li>Soporta hasta 8 Lectores Tag o Teclados (permite combinar entre lectores y teclados).<\/li>\n<li>Soporta hasta 4 sirenas inalambricas (2 Internas \/ 2 Externas).<\/li>\n<li>Soporta hasta 16 mandos (controles) y 16 tags.<\/li>\n<li>Soporta hasta 2 repetidores.<\/li>\n<li>Soporta visualizaci\u00f3n de v\u00eddeo del evento a trav\u00e9s del cliente m\u00f3vil y correo electr\u00f3nico.<\/li>\n<li>Indicaci\u00f3n de voz para la configuraci\u00f3n y operaci\u00f3n.<\/li>\n<li>Configuraci\u00f3n a trav\u00e9s de web, cliente de m\u00f3vil o software cliente.<\/li>\n<li>Env\u00eda notificaci\u00f3n de alarma a trav\u00e9s de notificaciones Push y Correo Electr\u00f3nico.<\/li>\n<\/ul>\n<p>Diversidad de dispositivos que se pueden agregar como:<\/p>\n<ul>\n<li>Detectores de movimiento<\/li>\n<li>Contactos magneticos<\/li>\n<li>Extensores de se\u00f1al<\/li>\n<li>Teclados<\/li>\n<li>Lectores de tag<\/li>\n<li>Llavero<\/li>\n<li>Boton de panico<\/li>\n<li>Sirenas<\/li>\n<li>Detectores de ruptura de cristal<\/li>\n<li>Detectores de ambiente<\/li>\n<li>Detectores de humo<\/li>\n<li>Automatizaci\u00f3n<\/li>\n<li>y otros<\/li>\n<\/ul>\n","protected":false},"excerpt":{"rendered":"<p>AX pro Hikvision Caracter\u00edsticas principales: Soporta hasta 48 zonas o salidas de alarma (permite combinar entre salidas y zonas). Soporta hasta 8 Lectores Tag o Teclados (permite combinar entre lectores y teclados). Soporta hasta 4 sirenas inalambricas (2 Internas \/ 2 Externas). Soporta hasta 16 mandos (controles) y 16 tags. Soporta hasta 2 repetidores. Soporta [&hellip;]<\/p>\n","protected":false},"featured_media":56,"comment_status":"open","ping_status":"closed","template":"","meta":[],"product_cat":[20],"product_tag":[],"class_list":{"0":"post-46","1":"product","2":"type-product","3":"status-publish","4":"has-post-thumbnail","6":"product_cat-servicios","8":"first","9":"instock","10":"taxable","11":"shipping-taxable","12":"purchasable","13":"product-type-simple"},"_links":{"self":[{"href":"https:\/\/redonline.click\/index.php?rest_route=\/wp\/v2\/product\/46","targetHints":{"allow":["GET"]}}],"collection":[{"href":"https:\/\/redonline.click\/index.php?rest_route=\/wp\/v2\/product"}],"about":[{"href":"https:\/\/redonline.click\/index.php?rest_route=\/wp\/v2\/types\/product"}],"replies":[{"embeddable":true,"href":"https:\/\/redonline.click\/index.php?rest_route=%2Fwp%2Fv2%2Fcomments&post=46"}],"wp:featuredmedia":[{"embeddable":true,"href":"https:\/\/redonline.click\/index.php?rest_route=\/wp\/v2\/media\/56"}],"wp:attachment":[{"href":"https:\/\/redonline.click\/index.php?rest_route=%2Fwp%2Fv2%2Fmedia&parent=46"}],"wp:term":[{"taxonomy":"product_cat","embeddable":true,"href":"https:\/\/redonline.click\/index.php?rest_route=%2Fwp%2Fv2%2Fproduct_cat&post=46"},{"taxonomy":"product_tag","embeddable":true,"href":"https:\/\/redonline.click\/index.php?rest_route=%2Fwp%2Fv2%2Fproduct_tag&post=46"}],"curies":[{"name":"wp","href":"https:\/\/api.w.org\/{rel}","templated":true}]}}