{"id":45,"date":"2023-08-10T23:33:09","date_gmt":"2023-08-11T05:33:09","guid":{"rendered":"https:\/\/redonline.tech\/?post_type=product&#038;p=45"},"modified":"2023-08-11T11:48:58","modified_gmt":"2023-08-11T17:48:58","slug":"cercas-electricas","status":"publish","type":"product","link":"https:\/\/redonline.click\/?product=cercas-electricas","title":{"rendered":"Cercas el\u00e9ctricas"},"content":{"rendered":"<p>Electrificamos y protegemos. Equipos con alarma y anti-intrusi\u00f3n. Tu seguridad, nuestra prioridad.<\/p>\n<p>Caracter\u00edsticas:<br \/>\n<strong>Detecci\u00f3n de Contacto:<\/strong> Cuando un intruso toca o intenta cruzar la cerca, completa el circuito el\u00e9ctrico, permitiendo que fluya la corriente el\u00e9ctrica a trav\u00e9s de su cuerpo. Esto provoca una sensaci\u00f3n inc\u00f3moda pero no letal, disuadiendo al intruso de continuar.<\/p>\n<p>estas cercas pueden generar entre 5,000 y 10,000 voltios en cada pulso.<\/p>\n<p><strong>\u00a0Alarma sonora:\u00a0 <\/strong>Contamos con alarma sonora, como una sirena, que se activa cuando se detecta una intrusi\u00f3n, alertando a las personas en el \u00e1rea sobre la presencia de un posible intruscono<\/p>\n<p><strong>Bater\u00eda:\u00a0<\/strong>Para mantener su funcionamiento en caso de un corte de energ\u00eda, muchas cercas el\u00e9ctricas est\u00e1n equipadas con una bater\u00eda de respaldo. Esta bater\u00eda puede proporcionar energ\u00eda durante aproximadamente 48 horas despu\u00e9s de que se haya interrumpido la alimentaci\u00f3n el\u00e9ctrica principal, asegurando que la cerca siga siendo efectiva incluso en situaciones de emergencia.<\/p>\n<p><strong>Letreros:\u00a0<\/strong>Se instalar\u00e1n letreros de advertencia en lugares visibles alrededor de la cerca el\u00e9ctrica. Estos letreros informan a las personas de la presencia de la cerca electrificada y advierten sobre los peligros de intentar cruzarla.<\/p>\n<p>Para brindarle una experiencia m\u00e1s completa, le extendemos una cordial invitaci\u00f3n a ponerse en contacto con nosotros y programar una visita. De esta manera, podremos conocer sus necesidades en detalle y presentarle un presupuesto finalizado y personalizado. Estamos ansiosos por acompa\u00f1arle en cada paso de este proceso y ofrecerle la mejor soluci\u00f3n para sus requerimientos.<\/p>\n","protected":false},"excerpt":{"rendered":"<p>Electrificamos y protegemos. Equipos con alarma y anti-intrusi\u00f3n. Tu seguridad, nuestra prioridad. Caracter\u00edsticas: Detecci\u00f3n de Contacto: Cuando un intruso toca o intenta cruzar la cerca, completa el circuito el\u00e9ctrico, permitiendo que fluya la corriente el\u00e9ctrica a trav\u00e9s de su cuerpo. Esto provoca una sensaci\u00f3n inc\u00f3moda pero no letal, disuadiendo al intruso de continuar. estas cercas [&hellip;]<\/p>\n","protected":false},"featured_media":61,"comment_status":"open","ping_status":"closed","template":"","meta":[],"product_cat":[20],"product_tag":[],"class_list":{"0":"post-45","1":"product","2":"type-product","3":"status-publish","4":"has-post-thumbnail","6":"product_cat-servicios","8":"first","9":"instock","10":"taxable","11":"shipping-taxable","12":"product-type-simple"},"_links":{"self":[{"href":"https:\/\/redonline.click\/index.php?rest_route=\/wp\/v2\/product\/45","targetHints":{"allow":["GET"]}}],"collection":[{"href":"https:\/\/redonline.click\/index.php?rest_route=\/wp\/v2\/product"}],"about":[{"href":"https:\/\/redonline.click\/index.php?rest_route=\/wp\/v2\/types\/product"}],"replies":[{"embeddable":true,"href":"https:\/\/redonline.click\/index.php?rest_route=%2Fwp%2Fv2%2Fcomments&post=45"}],"wp:featuredmedia":[{"embeddable":true,"href":"https:\/\/redonline.click\/index.php?rest_route=\/wp\/v2\/media\/61"}],"wp:attachment":[{"href":"https:\/\/redonline.click\/index.php?rest_route=%2Fwp%2Fv2%2Fmedia&parent=45"}],"wp:term":[{"taxonomy":"product_cat","embeddable":true,"href":"https:\/\/redonline.click\/index.php?rest_route=%2Fwp%2Fv2%2Fproduct_cat&post=45"},{"taxonomy":"product_tag","embeddable":true,"href":"https:\/\/redonline.click\/index.php?rest_route=%2Fwp%2Fv2%2Fproduct_tag&post=45"}],"curies":[{"name":"wp","href":"https:\/\/api.w.org\/{rel}","templated":true}]}}