{"id":39,"date":"2023-08-10T10:32:33","date_gmt":"2023-08-10T16:32:33","guid":{"rendered":"https:\/\/redonline.tech\/?page_id=39"},"modified":"2023-09-12T11:44:49","modified_gmt":"2023-09-12T17:44:49","slug":"pagina-de-inicio","status":"publish","type":"page","link":"https:\/\/redonline.click\/","title":{"rendered":"Bienvenido"},"content":{"rendered":"\n<div class=\"wp-block-eds-animate-it-block eds-animate-block-save\"><div class=\"eds-animate animated   \" data-eds-entry-animation=\"spinner\" data-eds-entry-delay=\"0\" data-eds-entry-duration=\"0.5\" data-eds-entry-timing=\"linear\" data-eds-exit-animation=\"\" data-eds-exit-delay=\"0\" data-eds-exit-duration=\"0.5\" data-eds-exit-timing=\"linear\" data-eds-repeat-count=\"1\" data-eds-keep=\"yes\" data-eds-animate-on=\"load\" data-eds-scroll-offset=\"\">\n<div class=\"wp-block-group has-medium-font-size is-vertical is-content-justification-center is-layout-flex wp-container-core-group-is-layout-d2d6461c wp-block-group-is-layout-flex\" style=\"margin-top:0;margin-bottom:0;padding-top:0;padding-right:0;padding-bottom:0;padding-left:0\">\n<h2 class=\"wp-block-heading has-vivid-red-color has-text-color has-inter-font-family wp-container-content-9cfa9a5a\" style=\"font-size:clamp(24.034px, 1.502rem + ((1vw - 3.2px) * 1.814), 40px);font-style:normal;font-weight:800;letter-spacing:1px\">Conectando pasiones, transformando tecnolog\u00eda<a href=\"https:\/\/emojiterra.com\/es\/cara-robot\/\">\ud83e\udd16<\/a><\/h2>\n\n\n\n<div style=\"height:17px\" aria-hidden=\"true\" class=\"wp-block-spacer wp-container-content-fd0eeb70\"><\/div>\n\n\n\n<pre class=\"wp-block-preformatted has-inter-font-family has-small-font-size wp-container-content-9cfa9a5a\" style=\"font-style:normal;font-weight:400\">En RedTechnology somos los artesanos de la era digital.\nDesde revolucionar computadoras que han perdido el ritmo\nhasta crear sistemas de seguridad inteligentes estamos aqu\u00ed para dar vida a tus sue\u00f1os tecnol\u00f3gicos.\n\nNuestra Esencia\n\n\ud83d\udd27 Respiramos nueva vida en computadoras, devolvi\u00e9ndoles su poder y velocidad para que puedas brillar en l\u00ednea.\n\n\ud83d\udcca Personalizamos tu experiencia digital, instalando software esencial y optimizando tu dispositivo seg\u00fan tus necesidades.\n\n\ud83d\udca1 Creamos defensas impenetrables con sistemas de seguridad de alta gama, incluyendo c\u00e1maras de alta definici\u00f3n y sistemas de cercas el\u00e9ctricas.\n\n\ud83d\udd04 Mantenemos tus dispositivos en forma con cari\u00f1o, prolongando su vida \u00fatil y manteni\u00e9ndolos en su mejor estado.\n\n\ud83d\ude80 Impulsamos tu tecnolog\u00eda con unidades de estado s\u00f3lido (SSD), brind\u00e1ndote un viaje a la velocidad de la luz.\n\n\ud83d\udcdd Dise\u00f1amos soluciones inform\u00e1ticas a tu medida, porque cada desaf\u00edo merece una soluci\u00f3n \u00fanica.\n\n<\/pre>\n<\/div>\n<\/div><\/div>\n\n\n\n<div class=\"wp-block-cover aligncenter is-light has-tertiary-color has-text-color has-small-font-size wp-duotone-unset-2\" style=\"border-style:none;border-width:0px;border-radius:100px;margin-top:var(--wp--preset--spacing--30);margin-bottom:var(--wp--preset--spacing--30);padding-top:0;padding-right:0;padding-bottom:0;padding-left:0\"><span aria-hidden=\"true\" class=\"wp-block-cover__background has-background-dim-60 has-background-dim\"><\/span><img loading=\"lazy\" decoding=\"async\" width=\"728\" height=\"410\" class=\"wp-block-cover__image-background wp-image-397\" alt=\"\" src=\"https:\/\/i0.wp.com\/redonline.click\/wp-content\/uploads\/2023\/08\/circuits-city-cpu-wallpaper-preview.jpg?resize=728%2C410&#038;ssl=1\" style=\"object-position:50% 50%\" data-object-fit=\"cover\" data-object-position=\"50% 50%\" srcset=\"https:\/\/i0.wp.com\/redonline.click\/wp-content\/uploads\/2023\/08\/circuits-city-cpu-wallpaper-preview.jpg?w=728&amp;ssl=1 728w, https:\/\/i0.wp.com\/redonline.click\/wp-content\/uploads\/2023\/08\/circuits-city-cpu-wallpaper-preview.jpg?resize=300%2C169&amp;ssl=1 300w, https:\/\/i0.wp.com\/redonline.click\/wp-content\/uploads\/2023\/08\/circuits-city-cpu-wallpaper-preview.jpg?resize=600%2C338&amp;ssl=1 600w\" sizes=\"auto, (max-width: 728px) 100vw, 728px\" data-recalc-dims=\"1\" \/><div class=\"wp-block-cover__inner-container has-global-padding is-layout-constrained wp-container-core-cover-is-layout-d3f43ce7 wp-block-cover-is-layout-constrained\">\n<h2 class=\"wp-block-heading has-text-align-center has-contrast-color has-text-color has-large-font-size wp-container-content-9cfa9a5a\">\u00a1Sigue el Sendero de nuestros Incre\u00edbles Productos y Servicios!&#8221;<\/h2>\n\n\n\n<div class=\"wp-block-group is-vertical is-content-justification-center is-layout-flex wp-container-core-group-is-layout-ce155fab wp-block-group-is-layout-flex\">\n<div class=\"wp-block-buttons has-custom-font-size has-large-font-size wp-container-content-9cfa9a5a is-content-justification-center is-layout-flex wp-container-core-buttons-is-layout-1f195cdf wp-block-buttons-is-layout-flex\" style=\"margin-top:0;margin-bottom:0\">\n<div class=\"wp-block-button has-custom-width wp-block-button__width-100 has-custom-font-size is-style-outline has-x-large-font-size is-style-outline--1\" style=\"font-style:italic;font-weight:800\"><a class=\"wp-block-button__link has-text-color has-background has-text-align-center wp-element-button\" href=\"https:\/\/redonline.click\/?post_type=product\" style=\"border-style:none;border-width:0px;border-radius:100px;color:#fb0101;background:radial-gradient(rgb(2,3,129) 17%,rgb(46,50,50) 72%);padding-top:0;padding-right:var(--wp--preset--spacing--30);padding-bottom:0;padding-left:var(--wp--preset--spacing--30)\">Tienda &nbsp;\ud83d\uded2<\/a><\/div>\n<\/div>\n<\/div>\n<\/div><\/div>\n\n\n\n<hr class=\"wp-block-separator has-css-opacity is-style-default\"\/>\n\n\n\n<figure class=\"wp-block-image aligncenter size-full is-resized is-style-rounded wp-duotone-default-filter\"><img loading=\"lazy\" decoding=\"async\" src=\"https:\/\/i0.wp.com\/redonline.click\/wp-content\/uploads\/2023\/08\/robotmr.jpg?resize=150%2C150&#038;ssl=1\" alt=\"\" class=\"wp-image-520\" style=\"width:150px;height:150px\" width=\"150\" height=\"150\" srcset=\"https:\/\/i0.wp.com\/redonline.click\/wp-content\/uploads\/2023\/08\/robotmr.jpg?resize=150%2C150&amp;ssl=1 150w, https:\/\/i0.wp.com\/redonline.click\/wp-content\/uploads\/2023\/08\/robotmr.jpg?resize=450%2C450&amp;ssl=1 450w, https:\/\/i0.wp.com\/redonline.click\/wp-content\/uploads\/2023\/08\/robotmr.jpg?resize=100%2C100&amp;ssl=1 100w, https:\/\/i0.wp.com\/redonline.click\/wp-content\/uploads\/2023\/08\/robotmr.jpg?zoom=2&amp;resize=150%2C150&amp;ssl=1 300w\" sizes=\"auto, (max-width: 150px) 100vw, 150px\" data-recalc-dims=\"1\" \/><\/figure>\n\n\n\n<blockquote class=\"wp-block-quote has-text-align-center is-style-large is-style-default has-medium-font-size is-layout-flow wp-block-quote-is-layout-flow\" style=\"font-style:normal;font-weight:600\">\n<p>&#8220;<strong>Antes de que abras cualquier puerta hay un mundo lleno de posibilidades delante de ti. Y no es hasta que la abres cuando se hacen realidad.&#8221;&nbsp;<\/strong><\/p>\n<cite>Whiterose<\/cite><\/blockquote>\n\n\n\n<hr class=\"wp-block-separator has-css-opacity is-style-default\"\/>\n","protected":false},"excerpt":{"rendered":"<p>&#8220;Antes de que abras cualquier puerta hay un mundo lleno de posibilidades delante de ti. Y no es hasta que la abres cuando se hacen realidad.&#8221;&nbsp; Whiterose<\/p>\n","protected":false},"author":1,"featured_media":0,"parent":0,"menu_order":0,"comment_status":"closed","ping_status":"closed","template":"","meta":{"footnotes":""},"class_list":["post-39","page","type-page","status-publish","hentry"],"_links":{"self":[{"href":"https:\/\/redonline.click\/index.php?rest_route=\/wp\/v2\/pages\/39","targetHints":{"allow":["GET"]}}],"collection":[{"href":"https:\/\/redonline.click\/index.php?rest_route=\/wp\/v2\/pages"}],"about":[{"href":"https:\/\/redonline.click\/index.php?rest_route=\/wp\/v2\/types\/page"}],"author":[{"embeddable":true,"href":"https:\/\/redonline.click\/index.php?rest_route=\/wp\/v2\/users\/1"}],"replies":[{"embeddable":true,"href":"https:\/\/redonline.click\/index.php?rest_route=%2Fwp%2Fv2%2Fcomments&post=39"}],"version-history":[{"count":59,"href":"https:\/\/redonline.click\/index.php?rest_route=\/wp\/v2\/pages\/39\/revisions"}],"predecessor-version":[{"id":861,"href":"https:\/\/redonline.click\/index.php?rest_route=\/wp\/v2\/pages\/39\/revisions\/861"}],"wp:attachment":[{"href":"https:\/\/redonline.click\/index.php?rest_route=%2Fwp%2Fv2%2Fmedia&parent=39"}],"curies":[{"name":"wp","href":"https:\/\/api.w.org\/{rel}","templated":true}]}}