{"id":372,"date":"2023-08-15T09:59:50","date_gmt":"2023-08-15T15:59:50","guid":{"rendered":"https:\/\/redonline.tech\/?page_id=372"},"modified":"2023-09-12T12:18:07","modified_gmt":"2023-09-12T18:18:07","slug":"372-2","status":"publish","type":"page","link":"https:\/\/redonline.click\/?page_id=372","title":{"rendered":"Con\u00f3cenos"},"content":{"rendered":"\n<div class=\"wp-block-cover alignfull\"><span aria-hidden=\"true\" class=\"wp-block-cover__background has-background-dim-60 has-background-dim\"><\/span><img loading=\"lazy\" decoding=\"async\" width=\"2150\" height=\"2148\" class=\"wp-block-cover__image-background wp-image-411\" alt=\"\" src=\"https:\/\/i0.wp.com\/redonline.click\/wp-content\/uploads\/2023\/08\/1121563_7966.jpg?resize=2150%2C2148&#038;ssl=1\" data-object-fit=\"cover\" srcset=\"https:\/\/i0.wp.com\/redonline.click\/wp-content\/uploads\/2023\/08\/1121563_7966.jpg?w=2150&amp;ssl=1 2150w, https:\/\/i0.wp.com\/redonline.click\/wp-content\/uploads\/2023\/08\/1121563_7966.jpg?resize=300%2C300&amp;ssl=1 300w, https:\/\/i0.wp.com\/redonline.click\/wp-content\/uploads\/2023\/08\/1121563_7966.jpg?resize=1024%2C1024&amp;ssl=1 1024w, https:\/\/i0.wp.com\/redonline.click\/wp-content\/uploads\/2023\/08\/1121563_7966.jpg?resize=150%2C150&amp;ssl=1 150w, https:\/\/i0.wp.com\/redonline.click\/wp-content\/uploads\/2023\/08\/1121563_7966.jpg?resize=768%2C767&amp;ssl=1 768w, https:\/\/i0.wp.com\/redonline.click\/wp-content\/uploads\/2023\/08\/1121563_7966.jpg?resize=1536%2C1536&amp;ssl=1 1536w, https:\/\/i0.wp.com\/redonline.click\/wp-content\/uploads\/2023\/08\/1121563_7966.jpg?resize=2048%2C2046&amp;ssl=1 2048w, https:\/\/i0.wp.com\/redonline.click\/wp-content\/uploads\/2023\/08\/1121563_7966.jpg?resize=1320%2C1319&amp;ssl=1 1320w, https:\/\/i0.wp.com\/redonline.click\/wp-content\/uploads\/2023\/08\/1121563_7966.jpg?resize=450%2C450&amp;ssl=1 450w, https:\/\/i0.wp.com\/redonline.click\/wp-content\/uploads\/2023\/08\/1121563_7966.jpg?resize=600%2C599&amp;ssl=1 600w, https:\/\/i0.wp.com\/redonline.click\/wp-content\/uploads\/2023\/08\/1121563_7966.jpg?resize=100%2C100&amp;ssl=1 100w\" sizes=\"auto, (max-width: 1000px) 100vw, 1000px\" data-recalc-dims=\"1\" \/><div class=\"wp-block-cover__inner-container is-layout-flow wp-block-cover-is-layout-flow\">\n<h2 class=\"wp-block-heading has-text-align-center has-vivid-red-color has-text-color has-x-large-font-size\" style=\"font-style:normal;font-weight:600\">Sobre RedTechnology<\/h2>\n\n\n\n<p class=\"has-contrast-color has-text-color has-medium-font-size\">En RedTechnology, estamos dedicados a proporcionarte soluciones tecnol\u00f3gicas de primera calidad que transformar\u00e1n la forma en que interact\u00faas con la tecnolog\u00eda. Nuestro compromiso es brindar un servicio que va m\u00e1s all\u00e1 de lo t\u00e9cnico: se trata de una experiencia de cliente excepcional.<\/p>\n\n\n\n<div style=\"height:34px\" aria-hidden=\"true\" class=\"wp-block-spacer\"><\/div>\n\n\n\n<h2 class=\"wp-block-heading has-text-align-center has-vivid-red-color has-text-color has-x-large-font-size\" style=\"font-style:normal;font-weight:600\">Nuestra Pasi\u00f3n<\/h2>\n\n\n\n<p class=\"has-contrast-color has-text-color has-medium-font-size\">En RedTechnology, la tecnolog\u00eda es nuestra pasi\u00f3n. Nos apasiona explorar las infinitas posibilidades que ofrece y aplicarla para hacer tu vida m\u00e1s f\u00e1cil y eficiente. Nos inspira la idea de que cada problema tecnol\u00f3gico tiene una soluci\u00f3n, y estamos aqu\u00ed para encontrarla para ti.<\/p>\n\n\n\n<div style=\"height:34px\" aria-hidden=\"true\" class=\"wp-block-spacer\"><\/div>\n\n\n\n<h2 class=\"wp-block-heading has-text-align-center has-vivid-red-color has-text-color has-x-large-font-size\" style=\"font-style:normal;font-weight:600\">Nuestra Visi\u00f3n<\/h2>\n\n\n\n<p class=\"has-contrast-color has-text-color has-medium-font-size\"><strong>En RedTechnology, nuestra visi\u00f3n es simple pero poderosa: ser tu socio confiable en soluciones tecnol\u00f3gicas.<\/strong> Queremos ser reconocidos como l\u00edderes en el campo, pero m\u00e1s que eso, deseamos ser reconocidos por la calidad y la atenci\u00f3n al detalle en cada servicio que ofrecemos. Nos esforzamos por superar tus expectativas en cada paso del camino.<\/p>\n\n\n\n<div style=\"height:34px\" aria-hidden=\"true\" class=\"wp-block-spacer\"><\/div>\n\n\n\n<h2 class=\"wp-block-heading has-text-align-center has-vivid-red-color has-text-color has-x-large-font-size\" style=\"font-style:normal;font-weight:600\">Nuestra Misi\u00f3n<\/h2>\n\n\n\n<p class=\"has-contrast-color has-text-color has-medium-font-size\"><strong>Nuestra misi\u00f3n es convertirnos en la respuesta a todas tus necesidades tecnol\u00f3gicas.<\/strong> En RedTechnology, no solo resolvemos problemas; creamos soluciones personalizadas que se adaptan a ti. Estamos comprometidos a proporcionarte las herramientas y el conocimiento que necesitas para aprovechar al m\u00e1ximo la tecnolog\u00eda.<\/p>\n\n\n\n<div style=\"height:34px\" aria-hidden=\"true\" class=\"wp-block-spacer\"><\/div>\n\n\n\n<h2 class=\"wp-block-heading has-text-align-center has-vivid-red-color has-text-color has-x-large-font-size\" style=\"font-style:normal;font-weight:600\">\u00bfQui\u00e9nes Somos?<\/h2>\n\n\n\n<p class=\"has-contrast-color has-text-color has-medium-font-size\">En RedTechnology, somos un equipo de expertos con una misi\u00f3n com\u00fan: <strong>simplificar la tecnolog\u00eda para ti<\/strong>. Nos enorgullece nuestra dedicaci\u00f3n a mantenernos actualizados con las \u00faltimas tendencias tecnol\u00f3gicas y adaptarlas a tus necesidades espec\u00edficas. Creemos en la importancia de escuchar a nuestros clientes y entender sus desaf\u00edos \u00fanicos para ofrecer soluciones que realmente marquen la diferencia.<\/p>\n\n\n\n<div style=\"height:34px\" aria-hidden=\"true\" class=\"wp-block-spacer\"><\/div>\n\n\n\n<h2 class=\"wp-block-heading has-text-align-center has-vivid-red-color has-text-color has-x-large-font-size\" style=\"font-style:normal;font-weight:600\">Nuestro Enfoque<\/h2>\n\n\n\n<p class=\"has-contrast-color has-text-color has-medium-font-size\">En RedTechnology, no solo ofrecemos servicios t\u00e9cnicos; <strong>ofrecemos soluciones con alma<\/strong>. Nos enorgullece brindar una atenci\u00f3n personalizada y un enfoque detallado a cada cliente. Cada problema tecnol\u00f3gico es \u00fanico, y nos comprometemos a encontrar la mejor soluci\u00f3n para ti.<\/p>\n\n\n\n<div style=\"height:34px\" aria-hidden=\"true\" class=\"wp-block-spacer\"><\/div>\n\n\n\n<h2 class=\"wp-block-heading has-text-align-center has-vivid-red-color has-text-color has-x-large-font-size\" style=\"font-style:normal;font-weight:600\">Tu Socio Tecnol\u00f3gico<\/h2>\n\n\n\n<p class=\"has-contrast-color has-text-color has-medium-font-size\">En RedTechnology, no solo somos t\u00e9cnicos; somos tu socio tecnol\u00f3gico. Nos enorgullece ser parte de tu \u00e9xito tecnol\u00f3gico, ofreciendo soluciones que marcan la diferencia en tu vida y en tu negocio.<\/p>\n\n\n\n<div class=\"wp-block-jetpack-send-a-message\">\n<div class=\"wp-block-jetpack-whatsapp-button is-color-dark\"><a class=\"whatsapp-block__button\" href=\"https:\/\/api.whatsapp.com\/send?phone=50685559066&amp;text=Hola%2C%20deseo%20informaci%C3%B3n%20de%20tus%20servicios%20que%20encontre%20en%20tu%20sitio%20web.\" style=\"background-color:#25D366;color:#fff\" target=\"_self\" rel=\"noopener noreferrer\">Chat en WhatsApp<\/a><\/div>\n<\/div>\n\n\n\n<p class=\"has-contrast-color has-text-color has-medium-font-size\">\u00a1\u00danete a nosotros en el viaje hacia un futuro tecnol\u00f3gico mejor en RedTechnology!<\/p>\n<\/div><\/div>\n","protected":false},"excerpt":{"rendered":"","protected":false},"author":1,"featured_media":0,"parent":0,"menu_order":0,"comment_status":"open","ping_status":"closed","template":"","meta":{"footnotes":""},"class_list":["post-372","page","type-page","status-publish","hentry"],"_links":{"self":[{"href":"https:\/\/redonline.click\/index.php?rest_route=\/wp\/v2\/pages\/372","targetHints":{"allow":["GET"]}}],"collection":[{"href":"https:\/\/redonline.click\/index.php?rest_route=\/wp\/v2\/pages"}],"about":[{"href":"https:\/\/redonline.click\/index.php?rest_route=\/wp\/v2\/types\/page"}],"author":[{"embeddable":true,"href":"https:\/\/redonline.click\/index.php?rest_route=\/wp\/v2\/users\/1"}],"replies":[{"embeddable":true,"href":"https:\/\/redonline.click\/index.php?rest_route=%2Fwp%2Fv2%2Fcomments&post=372"}],"version-history":[{"count":12,"href":"https:\/\/redonline.click\/index.php?rest_route=\/wp\/v2\/pages\/372\/revisions"}],"predecessor-version":[{"id":863,"href":"https:\/\/redonline.click\/index.php?rest_route=\/wp\/v2\/pages\/372\/revisions\/863"}],"wp:attachment":[{"href":"https:\/\/redonline.click\/index.php?rest_route=%2Fwp%2Fv2%2Fmedia&parent=372"}],"curies":[{"name":"wp","href":"https:\/\/api.w.org\/{rel}","templated":true}]}}